{"id":57,"date":"2024-06-06T08:11:10","date_gmt":"2024-06-06T06:11:10","guid":{"rendered":"http:\/\/www.collectif-les-etincelles.fr\/?page_id=57"},"modified":"2024-11-21T00:24:31","modified_gmt":"2024-11-20T23:24:31","slug":"liens-utiles","status":"publish","type":"page","link":"https:\/\/www.collectif-les-etincelles.fr\/?page_id=57","title":{"rendered":"Liens utiles"},"content":{"rendered":"\n<div class=\"wp-block-group alignfull has-base-background-color has-background has-global-padding is-layout-constrained wp-container-core-group-is-layout-d89aad35 wp-block-group-is-layout-constrained\" style=\"margin-top:0;margin-bottom:0;padding-top:var(--wp--preset--spacing--50);padding-right:var(--wp--preset--spacing--50);padding-bottom:var(--wp--preset--spacing--50);padding-left:var(--wp--preset--spacing--50)\">\n<div class=\"wp-block-columns alignwide is-layout-flex wp-container-core-columns-is-layout-549b0c86 wp-block-columns-is-layout-flex\">\n<div class=\"wp-block-column has-global-padding is-content-justification-left is-layout-constrained wp-container-core-column-is-layout-4f15e8fe wp-block-column-is-layout-constrained\" style=\"flex-basis:40%\">\n<p>L\u00e0 o\u00f9 se trouve tout ce que vous devez savoir sur vos droits dans un studio <\/p>\n\n\n\n<p>Les intervalles : un super collectif qui m\u00e8ne des recherches de fond sur l&rsquo;animation en France et dans le monde <\/p>\n<\/div>\n\n\n\n<div class=\"wp-block-column is-layout-flow wp-container-core-column-is-layout-119bc444 wp-block-column-is-layout-flow\" style=\"flex-basis:60%\">\n<p class=\"has-heading-font-family has-x-large-font-size\" style=\"line-height:1.2\"><a href=\"https:\/\/www.legifrance.gouv.fr\/conv_coll\/id\/KALICONT000005635129\/\" data-type=\"link\" data-id=\"https:\/\/www.legifrance.gouv.fr\/conv_coll\/id\/KALICONT000005635129\/\">La Convention collective<\/a><\/p>\n\n\n\n<div class=\"wp-block-columns is-layout-flex wp-container-core-columns-is-layout-87beb0d0 wp-block-columns-is-layout-flex\">\n<div class=\"wp-block-column is-layout-flow wp-block-column-is-layout-flow\">\n<p><a href=\"https:\/\/lesintervalles.fr\/\">https:\/\/lesintervalles.fr\/<\/a><\/p>\n<\/div>\n<\/div>\n<\/div>\n<\/div>\n<\/div>\n\n\n\n<div class=\"wp-block-columns is-layout-flex wp-container-core-columns-is-layout-28f84493 wp-block-columns-is-layout-flex\">\n<div class=\"wp-block-column is-layout-flow wp-block-column-is-layout-flow\">\n<p><\/p>\n<\/div>\n\n\n\n<div class=\"wp-block-column is-layout-flow wp-block-column-is-layout-flow\"><\/div>\n<\/div>\n","protected":false},"excerpt":{"rendered":"<p>L\u00e0 o\u00f9 se trouve tout ce que vous devez savoir sur vos droits dans un studio Les intervalles : un super collectif qui m\u00e8ne des recherches de fond sur l&rsquo;animation en France et dans le monde La Convention collective https:\/\/lesintervalles.fr\/<\/p>\n","protected":false},"author":1,"featured_media":0,"parent":0,"menu_order":0,"comment_status":"closed","ping_status":"closed","template":"","meta":{"footnotes":""},"class_list":["post-57","page","type-page","status-publish","hentry"],"_links":{"self":[{"href":"https:\/\/www.collectif-les-etincelles.fr\/index.php?rest_route=\/wp\/v2\/pages\/57","targetHints":{"allow":["GET"]}}],"collection":[{"href":"https:\/\/www.collectif-les-etincelles.fr\/index.php?rest_route=\/wp\/v2\/pages"}],"about":[{"href":"https:\/\/www.collectif-les-etincelles.fr\/index.php?rest_route=\/wp\/v2\/types\/page"}],"author":[{"embeddable":true,"href":"https:\/\/www.collectif-les-etincelles.fr\/index.php?rest_route=\/wp\/v2\/users\/1"}],"replies":[{"embeddable":true,"href":"https:\/\/www.collectif-les-etincelles.fr\/index.php?rest_route=%2Fwp%2Fv2%2Fcomments&post=57"}],"version-history":[{"count":3,"href":"https:\/\/www.collectif-les-etincelles.fr\/index.php?rest_route=\/wp\/v2\/pages\/57\/revisions"}],"predecessor-version":[{"id":337,"href":"https:\/\/www.collectif-les-etincelles.fr\/index.php?rest_route=\/wp\/v2\/pages\/57\/revisions\/337"}],"wp:attachment":[{"href":"https:\/\/www.collectif-les-etincelles.fr\/index.php?rest_route=%2Fwp%2Fv2%2Fmedia&parent=57"}],"curies":[{"name":"wp","href":"https:\/\/api.w.org\/{rel}","templated":true}]}}